{"id":2911,"date":"2019-05-16T18:15:06","date_gmt":"2019-05-16T16:15:06","guid":{"rendered":"http:\/\/www.monfraguelandscape.com\/nosotros\/"},"modified":"2020-01-17T18:48:25","modified_gmt":"2020-01-17T17:48:25","slug":"about-us","status":"publish","type":"page","link":"https:\/\/www.ecoturismomonfrague.com\/en\/about-us\/","title":{"rendered":"About us"},"content":{"rendered":"<section class=\"wpb-content-wrapper\"><p>[vc_row][vc_column][vc_single_image image=&#8221;3378&#8243; img_size=&#8221;full&#8221; css_animation=&#8221;slideInUp&#8221;][vc_row_inner][vc_column_inner width=&#8221;1\/2&#8243;][vc_single_image image=&#8221;3434&#8243; img_size=&#8221;medium&#8221; alignment=&#8221;center&#8221; style=&#8221;vc_box_circle_2&#8243; css_animation=&#8221;slideInUp&#8221;][vc_column_text]<\/p>\n<h4 style=\"text-align: center;\"><strong>Cristina Guti\u00e9rrez L\u00f3pez<\/strong><\/h4>\n<p style=\"text-align: center;\">Licensed in Environmental Sciences and Sports Technique in Nature.<\/p>\n<p style=\"text-align: center;\">&#8220;I admire nature, it never ceases to amaze me, every day, &#8220;the countryside&#8221;, teaches me something new&#8221;.<\/p>\n<p style=\"text-align: center;\">Cristina is 32 years old, and has lived in this natural environment since she was a child, living with birds, deer, insects, oaks, livestock&#8230;<\/p>\n<p style=\"text-align: center;\">In addition to creating and guiding these experiences with such passion for her job, she loves the world of beekeeping and trusts on a development model in which they works today, Ecotourism, Livestock and Preservation projects.<\/p>\n<p>[\/vc_column_text][\/vc_column_inner][vc_column_inner width=&#8221;1\/2&#8243;][vc_single_image image=&#8221;3436&#8243; img_size=&#8221;medium&#8221; alignment=&#8221;center&#8221; style=&#8221;vc_box_circle_2&#8243; css_animation=&#8221;slideInUp&#8221;][vc_column_text]<\/p>\n<h4 style=\"text-align: center;\"><strong>Alejandro Palomo Rey<\/strong><\/h4>\n<p style=\"text-align: center;\">A lover of nature in all its fields, he studied Engineering Forestry and the Natural Environment<\/p>\n<p style=\"text-align: center;\">He is a Medium Mountain Guide and has an extensive training in the environmental area, ornitology, herpetology, flora&#8230;<\/p>\n<p style=\"text-align: center;\">He is responsible\u00a0 of some conservation and environmental education projects in the volunteering field.<\/p>\n<p>[\/vc_column_text][\/vc_column_inner][\/vc_row_inner][vc_zigzag][vc_empty_space height=&#8221;25 px&#8221;][vc_row_inner][vc_column_inner width=&#8221;1\/3&#8243;][vc_column_text]Bienvenido a <strong>Monfrag\u00fce Landscape<\/strong>, te proponemos vivir una <strong>experiencia Ecotur\u00edstica <\/strong>privilegiada, en una <strong>preciosa<\/strong> <strong>Finca privada<\/strong> en el coraz\u00f3n del <strong>Parque Nacional de Monfrag\u00fce<\/strong>, icono de la naturaleza m\u00e1s agreste y salvaje del monte mediterr\u00e1neo.<\/p>\n<p>Preciosas dehesas de encina, umbr\u00edas impenetrables de alcornoques y madro\u00f1os, majestuosos cortados rocosos cuarc\u00edticos, solanas de rosados brezos, alcornoques reci\u00e9n descorchados, jaras, cantuesos\u2026 Los mejores tesoros esconden un secreto: un lugar donde no pasa el tiempo. <strong>Fincas privadas que guardan vida y silencio.<\/strong>[\/vc_column_text][\/vc_column_inner][vc_column_inner width=&#8221;1\/3&#8243;][vc_column_text]Sumergirse en la naturaleza rodeados\/as de Buitres, \u00c1guilas, Ciervos, y detenerse, sentarse, observar, escuchar y sentir.<\/p>\n<p>Podr\u00e1s <strong>degustar los productos de esta tierra<\/strong> en una intimidad total, abrazados por el Monfrag\u00fce m\u00e1s c\u00e1lido, <strong>en exclusiva.<\/strong><\/p>\n<p>Monfrag\u00fce Landscape y sus gu\u00edas, amantes de la tierra que muestran, os abren las puertas de una <strong>zona exclusiva en Monfrag\u00fce<\/strong>; experiencias inmejorables, totalmente personalizadas, en distintas modalidades: <strong>en 4&#215;4, bicicleta y caminando.\u00a0\u00a0<\/strong><\/p>\n<p>Siguiendo la misma filosof\u00eda, le ofrecemos conocer de nuestra mano otras maravillosas zonas naturales.[\/vc_column_text][\/vc_column_inner][vc_column_inner width=&#8221;1\/3&#8243;][vc_column_text]Los lugares m\u00e1s espectaculares y singulares de Extremadura: <strong>La<\/strong> <strong>Vera, el Valle del Jerte y el Valle del Ambroz.<\/strong> Preciosos paisajes, bosques y cultivos singulares como el Cerezo en Flor, as\u00ed como su historia y tradiciones.<\/p>\n<p>Junto a la ciudad de C\u00e1ceres, te proponemos tambi\u00e9n recorrer el <strong>Monumento Natural de los Barruecos <\/strong>en bicicleta. Gigantescos bolos gran\u00edticos donde anida una gran colonia de cig\u00fce\u00f1a, empap\u00e1ndonos de antiguas civilizaciones que nos legaron restos de sus asentamientos, pinturas y grabados rupestres.<\/p>\n<p>Vive esta aventura acompa\u00f1ado de los mejores gu\u00edas locales, que har\u00e1n de tu visita una experiencia inolvidable.[\/vc_column_text][\/vc_column_inner][\/vc_row_inner][\/vc_column][vc_column][vc_zigzag][vc_empty_space][vc_row_inner][vc_column_inner width=&#8221;1\/3&#8243;][vc_single_image image=&#8221;11&#8243; alignment=&#8221;center&#8221;][vc_custom_heading text=&#8221;Mission&#8221; font_container=&#8221;tag:h3|text_align:center&#8221; google_fonts=&#8221;font_family:Ubuntu%3A300%2C300italic%2Cregular%2Citalic%2C500%2C500italic%2C700%2C700italic|font_style:400%20regular%3A400%3Anormal&#8221;][vc_column_text]<\/p>\n<p style=\"text-align: center;\">Show responsibly these natural areas of great landscape value integrated into Monfrag\u00fce National Park and the \u201cSPA\u201d Special Protection Area for Birds of Monfrag\u00fce and its surrounding dehesas and Biosphere Reserve.<\/p>\n<p>[\/vc_column_text][\/vc_column_inner][vc_column_inner width=&#8221;1\/3&#8243;][vc_single_image image=&#8221;11&#8243; alignment=&#8221;center&#8221;][vc_custom_heading text=&#8221;Vision&#8221; font_container=&#8221;tag:h3|text_align:center&#8221; google_fonts=&#8221;font_family:Ubuntu%3A300%2C300italic%2Cregular%2Citalic%2C500%2C500italic%2C700%2C700italic|font_style:400%20regular%3A400%3Anormal&#8221;][vc_column_text]<\/p>\n<p style=\"text-align: center;\">A complementary ecotouristic proposal that allows knowing private lands where there is a commitment improving the diversity of these spaces thanks to the recovery of traditional customs such as the cultivation of cereals and legumes, controlled management of livestock, beekeeping, \u2026<\/p>\n<p>[\/vc_column_text][\/vc_column_inner][vc_column_inner width=&#8221;1\/3&#8243;][vc_single_image image=&#8221;11&#8243; alignment=&#8221;center&#8221;][vc_custom_heading text=&#8221;Values&#8221; font_container=&#8221;tag:h3|text_align:center&#8221; google_fonts=&#8221;font_family:Ubuntu%3A300%2C300italic%2Cregular%2Citalic%2C500%2C500italic%2C700%2C700italic|font_style:400%20regular%3A400%3Anormal&#8221;][vc_column_text]<\/p>\n<p style=\"text-align: center;\">Through a deep respect and admiration for nature, as members of these ecosystems we want to take part in improving populations of flora and fauna as well as its diversity.<\/p>\n<p>[\/vc_column_text][\/vc_column_inner][\/vc_row_inner][\/vc_column][\/vc_row][vc_row][vc_column][\/vc_column][\/vc_row]<\/p>\n<\/section>","protected":false},"excerpt":{"rendered":"<p>[vc_row][vc_column][vc_single_image image=&#8221;3378&#8243; img_size=&#8221;full&#8221; css_animation=&#8221;slideInUp&#8221;][vc_row_inner][vc_column_inner width=&#8221;1\/2&#8243;][vc_single_image image=&#8221;3434&#8243; img_size=&#8221;medium&#8221; alignment=&#8221;center&#8221; style=&#8221;vc_box_circle_2&#8243; css_animation=&#8221;slideInUp&#8221;][vc_column_text] Cristina Guti\u00e9rrez L\u00f3pez Licensed in Environmental Sciences and Sports Technique in Nature. &#8220;I admire nature, it never ceases to amaze me, every day, &#8220;the countryside&#8221;, teaches me something new&#8221;. Cristina is 32 years old, and has lived in this natural environment since she was a&hellip;<\/p>\n","protected":false},"author":4,"featured_media":7487,"parent":0,"menu_order":0,"comment_status":"closed","ping_status":"closed","template":"","meta":{"_eb_attr":"","footnotes":"","_joinchat":[]},"acf":[],"yoast_head":"<!-- This site is optimized with the Yoast SEO plugin v21.7 - https:\/\/yoast.com\/wordpress\/plugins\/seo\/ -->\n<title>\u25b7 About us | Ecoturismo Monfrag\u00fce<\/title>\n<meta name=\"description\" content=\"Actividades para toda la familia, escapadas rurales y turismo ecol\u00f3gico en finca exclusiva del Parque Natural de Monfrag\u00fce. \u3010Encuentra tu ruta favortia\u3011\" \/>\n<meta name=\"robots\" content=\"index, follow, max-snippet:-1, max-image-preview:large, max-video-preview:-1\" \/>\n<link rel=\"canonical\" href=\"https:\/\/www.ecoturismomonfrague.com\/en\/about-us\/\" \/>\n<meta property=\"og:locale\" content=\"en_US\" \/>\n<meta property=\"og:type\" content=\"article\" \/>\n<meta property=\"og:title\" content=\"\u25b7 About us | Ecoturismo Monfrag\u00fce\" \/>\n<meta property=\"og:description\" content=\"Actividades para toda la familia, escapadas rurales y turismo ecol\u00f3gico en finca exclusiva del Parque Natural de Monfrag\u00fce. \u3010Encuentra tu ruta favortia\u3011\" \/>\n<meta property=\"og:url\" content=\"https:\/\/www.ecoturismomonfrague.com\/en\/about-us\/\" \/>\n<meta property=\"og:site_name\" content=\"Ecoturismo Monfrag\u00fce\" \/>\n<meta property=\"article:publisher\" content=\"https:\/\/www.facebook.com\/monfraguelandscape\/\" \/>\n<meta property=\"article:modified_time\" content=\"2020-01-17T17:48:25+00:00\" \/>\n<meta property=\"og:image\" content=\"https:\/\/www.ecoturismomonfrague.com\/wp-content\/uploads\/4-2-e1575580587558.jpg\" \/>\n\t<meta property=\"og:image:width\" content=\"1200\" \/>\n\t<meta property=\"og:image:height\" content=\"900\" \/>\n\t<meta property=\"og:image:type\" content=\"image\/jpeg\" \/>\n<meta name=\"twitter:label1\" content=\"Est. reading time\" \/>\n\t<meta name=\"twitter:data1\" content=\"4 minutes\" \/>\n<script type=\"application\/ld+json\" class=\"yoast-schema-graph\">{\"@context\":\"https:\/\/schema.org\",\"@graph\":[{\"@type\":\"WebPage\",\"@id\":\"https:\/\/www.ecoturismomonfrague.com\/en\/about-us\/\",\"url\":\"https:\/\/www.ecoturismomonfrague.com\/en\/about-us\/\",\"name\":\"\u25b7 About us | Ecoturismo Monfrag\u00fce\",\"isPartOf\":{\"@id\":\"https:\/\/www.ecoturismomonfrague.com\/en\/#website\"},\"datePublished\":\"2019-05-16T16:15:06+00:00\",\"dateModified\":\"2020-01-17T17:48:25+00:00\",\"description\":\"Actividades para toda la familia, escapadas rurales y turismo ecol\u00f3gico en finca exclusiva del Parque Natural de Monfrag\u00fce. \u3010Encuentra tu ruta favortia\u3011\",\"breadcrumb\":{\"@id\":\"https:\/\/www.ecoturismomonfrague.com\/en\/about-us\/#breadcrumb\"},\"inLanguage\":\"en-US\",\"potentialAction\":[{\"@type\":\"ReadAction\",\"target\":[\"https:\/\/www.ecoturismomonfrague.com\/en\/about-us\/\"]}]},{\"@type\":\"BreadcrumbList\",\"@id\":\"https:\/\/www.ecoturismomonfrague.com\/en\/about-us\/#breadcrumb\",\"itemListElement\":[{\"@type\":\"ListItem\",\"position\":1,\"name\":\"Portada\",\"item\":\"https:\/\/www.ecoturismomonfrague.com\/en\/\"},{\"@type\":\"ListItem\",\"position\":2,\"name\":\"About us\"}]},{\"@type\":\"WebSite\",\"@id\":\"https:\/\/www.ecoturismomonfrague.com\/en\/#website\",\"url\":\"https:\/\/www.ecoturismomonfrague.com\/en\/\",\"name\":\"Ecoturismo Monfrag\u00fce\",\"description\":\"Actividades tur\u00edsticas en Monfrag\u00fce - Gu\u00edas y rutas en 4x4\",\"publisher\":{\"@id\":\"https:\/\/www.ecoturismomonfrague.com\/en\/#organization\"},\"potentialAction\":[{\"@type\":\"SearchAction\",\"target\":{\"@type\":\"EntryPoint\",\"urlTemplate\":\"https:\/\/www.ecoturismomonfrague.com\/en\/?s={search_term_string}\"},\"query-input\":\"required name=search_term_string\"}],\"inLanguage\":\"en-US\"},{\"@type\":\"Organization\",\"@id\":\"https:\/\/www.ecoturismomonfrague.com\/en\/#organization\",\"name\":\"Ecoturismo Monfrag\u00fce \u00ae\",\"url\":\"https:\/\/www.ecoturismomonfrague.com\/en\/\",\"logo\":{\"@type\":\"ImageObject\",\"inLanguage\":\"en-US\",\"@id\":\"https:\/\/www.ecoturismomonfrague.com\/en\/#\/schema\/logo\/image\/\",\"url\":\"https:\/\/www.ecoturismomonfrague.com\/wp-content\/uploads\/logo-ecoturismo.png\",\"contentUrl\":\"https:\/\/www.ecoturismomonfrague.com\/wp-content\/uploads\/logo-ecoturismo.png\",\"width\":904,\"height\":385,\"caption\":\"Ecoturismo Monfrag\u00fce \u00ae\"},\"image\":{\"@id\":\"https:\/\/www.ecoturismomonfrague.com\/en\/#\/schema\/logo\/image\/\"},\"sameAs\":[\"https:\/\/www.facebook.com\/monfraguelandscape\/\",\"https:\/\/www.instagram.com\/monfrague_landscape_ecoturismo\/\",\"https:\/\/www.youtube.com\/channel\/UCR1dFH-VvBA5iK1pu6Z6c-w\"]}]}<\/script>\n<!-- \/ Yoast SEO plugin. -->","yoast_head_json":{"title":"\u25b7 About us | Ecoturismo Monfrag\u00fce","description":"Actividades para toda la familia, escapadas rurales y turismo ecol\u00f3gico en finca exclusiva del Parque Natural de Monfrag\u00fce. \u3010Encuentra tu ruta favortia\u3011","robots":{"index":"index","follow":"follow","max-snippet":"max-snippet:-1","max-image-preview":"max-image-preview:large","max-video-preview":"max-video-preview:-1"},"canonical":"https:\/\/www.ecoturismomonfrague.com\/en\/about-us\/","og_locale":"en_US","og_type":"article","og_title":"\u25b7 About us | Ecoturismo Monfrag\u00fce","og_description":"Actividades para toda la familia, escapadas rurales y turismo ecol\u00f3gico en finca exclusiva del Parque Natural de Monfrag\u00fce. \u3010Encuentra tu ruta favortia\u3011","og_url":"https:\/\/www.ecoturismomonfrague.com\/en\/about-us\/","og_site_name":"Ecoturismo Monfrag\u00fce","article_publisher":"https:\/\/www.facebook.com\/monfraguelandscape\/","article_modified_time":"2020-01-17T17:48:25+00:00","og_image":[{"width":1200,"height":900,"url":"https:\/\/www.ecoturismomonfrague.com\/wp-content\/uploads\/4-2-e1575580587558.jpg","type":"image\/jpeg"}],"twitter_misc":{"Est. reading time":"4 minutes"},"schema":{"@context":"https:\/\/schema.org","@graph":[{"@type":"WebPage","@id":"https:\/\/www.ecoturismomonfrague.com\/en\/about-us\/","url":"https:\/\/www.ecoturismomonfrague.com\/en\/about-us\/","name":"\u25b7 About us | Ecoturismo Monfrag\u00fce","isPartOf":{"@id":"https:\/\/www.ecoturismomonfrague.com\/en\/#website"},"datePublished":"2019-05-16T16:15:06+00:00","dateModified":"2020-01-17T17:48:25+00:00","description":"Actividades para toda la familia, escapadas rurales y turismo ecol\u00f3gico en finca exclusiva del Parque Natural de Monfrag\u00fce. \u3010Encuentra tu ruta favortia\u3011","breadcrumb":{"@id":"https:\/\/www.ecoturismomonfrague.com\/en\/about-us\/#breadcrumb"},"inLanguage":"en-US","potentialAction":[{"@type":"ReadAction","target":["https:\/\/www.ecoturismomonfrague.com\/en\/about-us\/"]}]},{"@type":"BreadcrumbList","@id":"https:\/\/www.ecoturismomonfrague.com\/en\/about-us\/#breadcrumb","itemListElement":[{"@type":"ListItem","position":1,"name":"Portada","item":"https:\/\/www.ecoturismomonfrague.com\/en\/"},{"@type":"ListItem","position":2,"name":"About us"}]},{"@type":"WebSite","@id":"https:\/\/www.ecoturismomonfrague.com\/en\/#website","url":"https:\/\/www.ecoturismomonfrague.com\/en\/","name":"Ecoturismo Monfrag\u00fce","description":"Actividades tur\u00edsticas en Monfrag\u00fce - Gu\u00edas y rutas en 4x4","publisher":{"@id":"https:\/\/www.ecoturismomonfrague.com\/en\/#organization"},"potentialAction":[{"@type":"SearchAction","target":{"@type":"EntryPoint","urlTemplate":"https:\/\/www.ecoturismomonfrague.com\/en\/?s={search_term_string}"},"query-input":"required name=search_term_string"}],"inLanguage":"en-US"},{"@type":"Organization","@id":"https:\/\/www.ecoturismomonfrague.com\/en\/#organization","name":"Ecoturismo Monfrag\u00fce \u00ae","url":"https:\/\/www.ecoturismomonfrague.com\/en\/","logo":{"@type":"ImageObject","inLanguage":"en-US","@id":"https:\/\/www.ecoturismomonfrague.com\/en\/#\/schema\/logo\/image\/","url":"https:\/\/www.ecoturismomonfrague.com\/wp-content\/uploads\/logo-ecoturismo.png","contentUrl":"https:\/\/www.ecoturismomonfrague.com\/wp-content\/uploads\/logo-ecoturismo.png","width":904,"height":385,"caption":"Ecoturismo Monfrag\u00fce \u00ae"},"image":{"@id":"https:\/\/www.ecoturismomonfrague.com\/en\/#\/schema\/logo\/image\/"},"sameAs":["https:\/\/www.facebook.com\/monfraguelandscape\/","https:\/\/www.instagram.com\/monfrague_landscape_ecoturismo\/","https:\/\/www.youtube.com\/channel\/UCR1dFH-VvBA5iK1pu6Z6c-w"]}]}},"_links":{"self":[{"href":"https:\/\/www.ecoturismomonfrague.com\/en\/wp-json\/wp\/v2\/pages\/2911"}],"collection":[{"href":"https:\/\/www.ecoturismomonfrague.com\/en\/wp-json\/wp\/v2\/pages"}],"about":[{"href":"https:\/\/www.ecoturismomonfrague.com\/en\/wp-json\/wp\/v2\/types\/page"}],"author":[{"embeddable":true,"href":"https:\/\/www.ecoturismomonfrague.com\/en\/wp-json\/wp\/v2\/users\/4"}],"replies":[{"embeddable":true,"href":"https:\/\/www.ecoturismomonfrague.com\/en\/wp-json\/wp\/v2\/comments?post=2911"}],"version-history":[{"count":0,"href":"https:\/\/www.ecoturismomonfrague.com\/en\/wp-json\/wp\/v2\/pages\/2911\/revisions"}],"wp:featuredmedia":[{"embeddable":true,"href":"https:\/\/www.ecoturismomonfrague.com\/en\/wp-json\/wp\/v2\/media\/7487"}],"wp:attachment":[{"href":"https:\/\/www.ecoturismomonfrague.com\/en\/wp-json\/wp\/v2\/media?parent=2911"}],"curies":[{"name":"wp","href":"https:\/\/api.w.org\/{rel}","templated":true}]}}