{"id":3900,"date":"2019-05-20T01:12:34","date_gmt":"2019-05-19T23:12:34","guid":{"rendered":"https:\/\/www.ecoturismomonfrague.com\/contacto\/"},"modified":"2020-01-13T22:45:27","modified_gmt":"2020-01-13T21:45:27","slug":"contact","status":"publish","type":"page","link":"https:\/\/www.ecoturismomonfrague.com\/en\/contact\/","title":{"rendered":"Contact"},"content":{"rendered":"<section class=\"wpb-content-wrapper\"><p>[vc_row][vc_column]<noscript class=\"ninja-forms-noscript-message\">\n\tNotice: JavaScript is required for this content.<\/noscript>\n<div id=\"nf-form-3-cont\" class=\"nf-form-cont\" aria-live=\"polite\" aria-labelledby=\"nf-form-title-3\" aria-describedby=\"nf-form-errors-3\" role=\"form\">\n\n    <div class=\"nf-loading-spinner\"><\/div>\n\n<\/div>\n        <!-- That data is being printed as a workaround to page builders reordering the order of the scripts loaded-->\n        <script>var formDisplay=1;var nfForms=nfForms||[];var form=[];form.id='3';form.settings={\"objectType\":\"Form Setting\",\"editActive\":true,\"title\":\"Contact Form\",\"created_at\":\"2019-07-19 20:57:18\",\"default_label_pos\":\"above\",\"show_title\":\"1\",\"clear_complete\":\"1\",\"hide_complete\":\"1\",\"logged_in\":\"\",\"key\":\"\",\"conditions\":[],\"wrapper_class\":\"\",\"element_class\":\"\",\"add_submit\":\"1\",\"not_logged_in_msg\":\"\",\"sub_limit_number\":\"\",\"sub_limit_msg\":\"\",\"calculations\":[],\"formContentData\":[\"name\",\"phone_1563562662935\",\"email\",\"issue_1563562774653\",\"message\",\"i_have_read_and_accept_the_less_than_a_href_https_www_ecoturismomonfrague_com_politica-de-privacidad_greater_than_privacy_policy_less_than_a_greater_than_1578004282996\",\"send_1577920755852\"],\"changeEmailErrorMsg\":\"Please enter a valid email address!\",\"changeDateErrorMsg\":\"Please enter a valid date!\",\"confirmFieldErrorMsg\":\"These fields must match!\",\"fieldNumberNumMinError\":\"Number Min Error\",\"container_styles_background-color\":\"\",\"container_styles_border\":\"\",\"container_styles_border-style\":\"\",\"container_styles_border-color\":\"\",\"container_styles_color\":\"\",\"container_styles_height\":\"\",\"container_styles_width\":\"\",\"container_styles_font-size\":\"\",\"container_styles_margin\":\"\",\"container_styles_padding\":\"\",\"container_styles_display\":\"\",\"container_styles_float\":\"\",\"container_styles_show_advanced_css\":\"0\",\"container_styles_advanced\":\"\",\"title_styles_background-color\":\"\",\"title_styles_border\":\"\",\"title_styles_border-style\":\"\",\"title_styles_border-color\":\"\",\"title_styles_color\":\"\",\"title_styles_height\":\"\",\"title_styles_width\":\"\",\"title_styles_font-size\":\"\",\"title_styles_margin\":\"\",\"title_styles_padding\":\"\",\"title_styles_display\":\"\",\"title_styles_float\":\"\",\"title_styles_show_advanced_css\":\"0\",\"title_styles_advanced\":\"\",\"row_styles_background-color\":\"\",\"row_styles_border\":\"\",\"row_styles_border-style\":\"\",\"row_styles_border-color\":\"\",\"row_styles_color\":\"\",\"row_styles_height\":\"\",\"row_styles_width\":\"\",\"row_styles_font-size\":\"\",\"row_styles_margin\":\"\",\"row_styles_padding\":\"\",\"row_styles_display\":\"\",\"row_styles_show_advanced_css\":\"0\",\"row_styles_advanced\":\"\",\"row-odd_styles_background-color\":\"\",\"row-odd_styles_border\":\"\",\"row-odd_styles_border-style\":\"\",\"row-odd_styles_border-color\":\"\",\"row-odd_styles_color\":\"\",\"row-odd_styles_height\":\"\",\"row-odd_styles_width\":\"\",\"row-odd_styles_font-size\":\"\",\"row-odd_styles_margin\":\"\",\"row-odd_styles_padding\":\"\",\"row-odd_styles_display\":\"\",\"row-odd_styles_show_advanced_css\":\"0\",\"row-odd_styles_advanced\":\"\",\"success-msg_styles_background-color\":\"\",\"success-msg_styles_border\":\"\",\"success-msg_styles_border-style\":\"\",\"success-msg_styles_border-color\":\"\",\"success-msg_styles_color\":\"\",\"success-msg_styles_height\":\"\",\"success-msg_styles_width\":\"\",\"success-msg_styles_font-size\":\"\",\"success-msg_styles_margin\":\"\",\"success-msg_styles_padding\":\"\",\"success-msg_styles_display\":\"\",\"success-msg_styles_show_advanced_css\":\"0\",\"success-msg_styles_advanced\":\"\",\"error_msg_styles_background-color\":\"\",\"error_msg_styles_border\":\"\",\"error_msg_styles_border-style\":\"\",\"error_msg_styles_border-color\":\"\",\"error_msg_styles_color\":\"\",\"error_msg_styles_height\":\"\",\"error_msg_styles_width\":\"\",\"error_msg_styles_font-size\":\"\",\"error_msg_styles_margin\":\"\",\"error_msg_styles_padding\":\"\",\"error_msg_styles_display\":\"\",\"error_msg_styles_show_advanced_css\":\"0\",\"error_msg_styles_advanced\":\"\",\"fieldNumberNumMaxError\":\"Number Max Error\",\"fieldNumberIncrementBy\":\"Please increment by \",\"formErrorsCorrectErrors\":\"Please correct errors before submitting this form.\",\"validateRequiredField\":\"This is a required field.\",\"honeypotHoneypotError\":\"Honeypot Error\",\"fieldsMarkedRequired\":\"Fields marked with an <span class=\\\"ninja-forms-req-symbol\\\">*<\\\/span> are required\",\"currency\":\"\",\"unique_field_error\":\"Ya se ha enviado un formulario con este valor.\",\"drawerDisabled\":false,\"allow_public_link\":0,\"embed_form\":\"\",\"ninjaForms\":\"Ninja Forms\",\"fieldTextareaRTEInsertLink\":\"Insert Link\",\"fieldTextareaRTEInsertMedia\":\"Insert Media\",\"fieldTextareaRTESelectAFile\":\"Select a file\",\"formHoneypot\":\"If you are a human seeing this field, please leave it empty.\",\"fileUploadOldCodeFileUploadInProgress\":\"File Upload in Progress.\",\"fileUploadOldCodeFileUpload\":\"FILE UPLOAD\",\"currencySymbol\":false,\"thousands_sep\":\",\",\"decimal_point\":\".\",\"siteLocale\":\"en_US\",\"dateFormat\":\"m\\\/d\\\/Y\",\"startOfWeek\":\"1\",\"of\":\"of\",\"previousMonth\":\"Previous Month\",\"nextMonth\":\"Next Month\",\"months\":[\"January\",\"February\",\"March\",\"April\",\"May\",\"June\",\"July\",\"August\",\"September\",\"October\",\"November\",\"December\"],\"monthsShort\":[\"Jan\",\"Feb\",\"Mar\",\"Apr\",\"May\",\"Jun\",\"Jul\",\"Aug\",\"Sep\",\"Oct\",\"Nov\",\"Dec\"],\"weekdays\":[\"Sunday\",\"Monday\",\"Tuesday\",\"Wednesday\",\"Thursday\",\"Friday\",\"Saturday\"],\"weekdaysShort\":[\"Sun\",\"Mon\",\"Tue\",\"Wed\",\"Thu\",\"Fri\",\"Sat\"],\"weekdaysMin\":[\"Su\",\"Mo\",\"Tu\",\"We\",\"Th\",\"Fr\",\"Sa\"],\"recaptchaConsentMissing\":\"reCaptcha validation couldn&#039;t load.\",\"recaptchaMissingCookie\":\"reCaptcha v3 validation couldn&#039;t load the cookie needed to submit the form.\",\"recaptchaConsentEvent\":\"Accept reCaptcha cookies before sending the form.\",\"currency_symbol\":\"\",\"beforeForm\":\"\",\"beforeFields\":\"\",\"afterFields\":\"\",\"afterForm\":\"\"};form.fields=[{\"objectType\":\"Field\",\"objectDomain\":\"fields\",\"editActive\":false,\"order\":1,\"label_styles_advanced\":\"\",\"label_styles_show_advanced_css\":0,\"label_styles_float\":\"\",\"label_styles_display\":\"\",\"label_styles_padding\":\"\",\"label_styles_margin\":\"\",\"label_styles_font-size\":\"\",\"label_styles_width\":\"\",\"label_styles_height\":\"\",\"label_styles_color\":\"\",\"label_styles_border-color\":\"\",\"label_styles_border\":\"\",\"label_styles_border-style\":\"\",\"wrap_styles_width\":\"\",\"wrap_styles_font-size\":\"\",\"wrap_styles_height\":\"\",\"wrap_styles_color\":\"\",\"wrap_styles_border-color\":\"\",\"wrap_styles_border-style\":\"\",\"wrap_styles_border\":\"\",\"wrap_styles_background-color\":\"\",\"mask\":\"\",\"custom_mask\":\"\",\"disable_browser_autocomplete\":\"\",\"desc_text\":\"\",\"manual_key\":\"\",\"disable_input\":\"\",\"admin_label\":\"\",\"help_text\":\"<p><br><\\\/p>\",\"input_limit_msg\":\"Character(s) left\",\"label\":\"Name\",\"key\":\"name\",\"type\":\"textbox\",\"created_at\":\"2019-04-15 22:48:48\",\"label_pos\":\"above\",\"required\":1,\"placeholder\":\"\",\"default\":\"\",\"wrapper_class\":\"\",\"element_class\":\"\",\"container_class\":\"\",\"input_limit\":\"\",\"input_limit_type\":\"characters\",\"label_styles_background-color\":\"\",\"wrap_styles_advanced\":\"\",\"wrap_styles_show_advanced_css\":0,\"wrap_styles_float\":\"\",\"wrap_styles_display\":\"\",\"wrap_styles_padding\":\"\",\"wrap_styles_margin\":\"\",\"element_styles_font-size\":\"\",\"element_styles_width\":\"\",\"element_styles_height\":\"\",\"element_styles_color\":\"\",\"element_styles_border-color\":\"\",\"element_styles_border-style\":\"\",\"element_styles_border\":\"\",\"element_styles_background-color\":\"\",\"value\":\"\",\"personally_identifiable\":\"\",\"custom_name_attribute\":\"\",\"cellcid\":\"c3277\",\"element_styles_advanced\":\"\",\"element_styles_show_advanced_css\":0,\"element_styles_float\":\"\",\"element_styles_display\":\"\",\"element_styles_padding\":\"\",\"drawerDisabled\":\"\",\"field_label\":\"Name\",\"field_key\":\"name\",\"element_styles_margin\":\"\",\"id\":44,\"beforeField\":\"\",\"afterField\":\"\",\"parentType\":\"textbox\",\"element_templates\":[\"textbox\",\"input\"],\"old_classname\":\"\",\"wrap_template\":\"wrap\"},{\"objectType\":\"Field\",\"objectDomain\":\"fields\",\"editActive\":false,\"order\":2,\"label\":\"Phone\",\"type\":\"phone\",\"key\":\"phone_1563562662935\",\"label_pos\":\"above\",\"required\":1,\"default\":\"\",\"placeholder\":\"\",\"container_class\":\"\",\"element_class\":\"\",\"input_limit\":\"\",\"input_limit_type\":\"characters\",\"input_limit_msg\":\"Caracteres restantes\",\"manual_key\":\"\",\"admin_label\":\"\",\"help_text\":\"\",\"mask\":\"\",\"custom_mask\":\"\",\"custom_name_attribute\":\"phone\",\"personally_identifiable\":1,\"value\":\"\",\"drawerDisabled\":\"\",\"field_label\":\"Tel\\u00e9fono\",\"field_key\":\"phone_1558307826804\",\"id\":48,\"beforeField\":\"\",\"afterField\":\"\",\"parentType\":\"textbox\",\"element_templates\":[\"tel\",\"textbox\",\"input\"],\"old_classname\":\"\",\"wrap_template\":\"wrap\"},{\"objectType\":\"Field\",\"objectDomain\":\"fields\",\"editActive\":false,\"order\":3,\"label\":\"Email\",\"key\":\"email\",\"type\":\"email\",\"created_at\":\"2019-04-15 22:48:48\",\"label_pos\":\"above\",\"required\":1,\"placeholder\":\"\",\"default\":\"\",\"wrapper_class\":\"\",\"element_class\":\"\",\"container_class\":\"\",\"admin_label\":\"\",\"help_text\":\"<p><br><\\\/p>\",\"desc_text\":\"\",\"wrap_styles_background-color\":\"\",\"wrap_styles_border\":\"\",\"wrap_styles_border-style\":\"\",\"wrap_styles_border-color\":\"\",\"wrap_styles_color\":\"\",\"wrap_styles_height\":\"\",\"wrap_styles_width\":\"\",\"wrap_styles_font-size\":\"\",\"wrap_styles_margin\":\"\",\"wrap_styles_padding\":\"\",\"wrap_styles_display\":\"\",\"wrap_styles_float\":\"\",\"wrap_styles_show_advanced_css\":0,\"wrap_styles_advanced\":\"\",\"label_styles_background-color\":\"\",\"label_styles_border\":\"\",\"label_styles_border-style\":\"\",\"label_styles_border-color\":\"\",\"label_styles_color\":\"\",\"label_styles_height\":\"\",\"label_styles_width\":\"\",\"label_styles_font-size\":\"\",\"label_styles_margin\":\"\",\"label_styles_padding\":\"\",\"label_styles_display\":\"\",\"label_styles_float\":\"\",\"label_styles_show_advanced_css\":0,\"label_styles_advanced\":\"\",\"element_styles_background-color\":\"\",\"element_styles_border\":\"\",\"element_styles_border-style\":\"\",\"element_styles_border-color\":\"\",\"element_styles_color\":\"\",\"element_styles_height\":\"\",\"element_styles_width\":\"\",\"element_styles_font-size\":\"\",\"element_styles_margin\":\"\",\"element_styles_padding\":\"\",\"element_styles_display\":\"\",\"element_styles_float\":\"\",\"element_styles_show_advanced_css\":0,\"element_styles_advanced\":\"\",\"cellcid\":\"c3281\",\"custom_name_attribute\":\"email\",\"personally_identifiable\":1,\"value\":\"\",\"drawerDisabled\":\"\",\"field_key\":\"email\",\"field_label\":\"Email\",\"id\":45,\"beforeField\":\"\",\"afterField\":\"\",\"parentType\":\"email\",\"element_templates\":[\"email\",\"input\"],\"old_classname\":\"\",\"wrap_template\":\"wrap\"},{\"objectType\":\"Field\",\"objectDomain\":\"fields\",\"editActive\":false,\"order\":4,\"value\":\"\",\"drawerDisabled\":\"\",\"personally_identifiable\":\"\",\"custom_name_attribute\":\"\",\"custom_mask\":\"\",\"label\":\"Issue\",\"type\":\"textbox\",\"key\":\"issue_1563562774653\",\"label_pos\":\"above\",\"required\":\"\",\"default\":\"\",\"placeholder\":\"\",\"container_class\":\"\",\"element_class\":\"\",\"input_limit\":\"\",\"input_limit_type\":\"characters\",\"input_limit_msg\":\"Caracteres restantes\",\"manual_key\":\"\",\"admin_label\":\"\",\"help_text\":\"\",\"mask\":\"\",\"field_label\":\"Asunto\",\"field_key\":\"asunto_1558308195964\",\"id\":49,\"beforeField\":\"\",\"afterField\":\"\",\"parentType\":\"textbox\",\"element_templates\":[\"textbox\",\"input\"],\"old_classname\":\"\",\"wrap_template\":\"wrap\"},{\"objectType\":\"Field\",\"objectDomain\":\"fields\",\"editActive\":false,\"order\":5,\"label\":\"Message\",\"key\":\"message\",\"type\":\"textarea\",\"created_at\":\"2019-04-15 22:48:48\",\"label_pos\":\"above\",\"required\":0,\"placeholder\":\"\",\"default\":\"\",\"wrapper_class\":\"\",\"element_class\":\"\",\"container_class\":\"\",\"input_limit\":\"\",\"input_limit_type\":\"characters\",\"input_limit_msg\":\"Character(s) left\",\"manual_key\":\"\",\"disable_input\":\"\",\"admin_label\":\"\",\"help_text\":\"\",\"desc_text\":\"\",\"disable_browser_autocomplete\":\"\",\"textarea_rte\":\"\",\"disable_rte_mobile\":\"\",\"textarea_media\":\"\",\"wrap_styles_background-color\":\"\",\"wrap_styles_border\":\"\",\"wrap_styles_border-style\":\"\",\"wrap_styles_border-color\":\"\",\"wrap_styles_color\":\"\",\"wrap_styles_height\":\"\",\"wrap_styles_width\":\"\",\"wrap_styles_font-size\":\"\",\"wrap_styles_margin\":\"\",\"wrap_styles_padding\":\"\",\"wrap_styles_display\":\"\",\"wrap_styles_float\":\"\",\"wrap_styles_show_advanced_css\":0,\"wrap_styles_advanced\":\"\",\"label_styles_background-color\":\"\",\"label_styles_border\":\"\",\"label_styles_border-style\":\"\",\"label_styles_border-color\":\"\",\"label_styles_color\":\"\",\"label_styles_height\":\"\",\"label_styles_width\":\"\",\"label_styles_font-size\":\"\",\"label_styles_margin\":\"\",\"label_styles_padding\":\"\",\"label_styles_advanced\":\"\",\"label_styles_show_advanced_css\":0,\"label_styles_float\":\"\",\"label_styles_display\":\"\",\"element_styles_background-color\":\"\",\"element_styles_border\":\"\",\"element_styles_border-style\":\"\",\"element_styles_border-color\":\"\",\"element_styles_color\":\"\",\"element_styles_height\":\"\",\"element_styles_width\":\"\",\"element_styles_font-size\":\"\",\"element_styles_margin\":\"\",\"element_styles_padding\":\"\",\"element_styles_display\":\"\",\"element_styles_float\":\"\",\"element_styles_show_advanced_css\":0,\"element_styles_advanced\":\"\",\"cellcid\":\"c3284\",\"value\":\"\",\"drawerDisabled\":\"\",\"field_label\":\"Message\",\"field_key\":\"message\",\"id\":46,\"beforeField\":\"\",\"afterField\":\"\",\"parentType\":\"textarea\",\"element_templates\":[\"textarea\",\"input\"],\"old_classname\":\"\",\"wrap_template\":\"wrap\"},{\"objectType\":\"Field\",\"objectDomain\":\"fields\",\"editActive\":false,\"order\":6,\"type\":\"checkbox\",\"label\":\"I have read and accept the <a href=\\\"https:\\\/\\\/www.ecoturismomonfrague.com\\\/politica-de-privacidad\\\">Privacy Policy<\\\/a>.\",\"key\":\"i_have_read_and_accept_the_less_than_a_href_https_www_ecoturismomonfrague_com_politica-de-privacidad_greater_than_privacy_policy_less_than_a_greater_than_1578004282996\",\"label_pos\":\"right\",\"required\":1,\"container_class\":\"\",\"element_class\":\"\",\"manual_key\":false,\"admin_label\":\"\",\"help_text\":\"\",\"default_value\":\"unchecked\",\"checked_value\":\"Marcado\",\"unchecked_value\":\"Desmarcado\",\"checked_calc_value\":\"\",\"unchecked_calc_value\":\"\",\"drawerDisabled\":false,\"id\":59,\"beforeField\":\"\",\"afterField\":\"\",\"value\":\"\",\"parentType\":\"checkbox\",\"element_templates\":[\"checkbox\",\"input\"],\"old_classname\":\"\",\"wrap_template\":\"wrap\"},{\"objectType\":\"Field\",\"objectDomain\":\"fields\",\"editActive\":false,\"order\":7,\"label\":\"Send\",\"type\":\"submit\",\"processing_label\":\"Processing...\",\"container_class\":\"\",\"element_class\":\" button\",\"key\":\"send_1577920755852\",\"drawerDisabled\":false,\"id\":60,\"beforeField\":\"\",\"afterField\":\"\",\"value\":\"\",\"label_pos\":\"above\",\"parentType\":\"textbox\",\"element_templates\":[\"submit\",\"button\",\"input\"],\"old_classname\":\"\",\"wrap_template\":\"wrap-no-label\"}];nfForms.push(form);<\/script>\n        [vc_gmaps link=&#8221;#E-8_JTNDaWZyYW1lJTIwc3JjJTNEJTIyaHR0cHMlM0ElMkYlMkZ3d3cuZ29vZ2xlLmNvbSUyRm1hcHMlMkZlbWJlZCUzRnBiJTNEJTIxMW0xNCUyMTFtOCUyMTFtMyUyMTFkNjE0Mi42OTE4MDE2MzAyMjIlMjEyZC01LjgxMzAyNCUyMTNkMzkuNjY0NDMzJTIxM20yJTIxMWkxMDI0JTIxMmk3NjglMjE0ZjEzLjElMjEzbTMlMjExbTIlMjExczB4MCUyNTNBMHg3M2RlODhkOTBmYzE1NzklMjEyc0Vjb3R1cmlzbW8lMjUyME1vbmZyYWclMjVDMyUyNUJDZSUyNTIwLSUyNTIwTW9uZnJhZyUyNUMzJTI1QkNlJTI1MjBMYW5kc2NhcGUlMjE1ZTAlMjEzbTIlMjExc2VzJTIxMnNlcyUyMTR2MTU3NzkyMTc3NzM0MyUyMTVtMiUyMTFzZXMlMjEyc2VzJTIyJTIwd2lkdGglM0QlMjI2MDAlMjIlMjBoZWlnaHQlM0QlMjI0NTAlMjIlMjBmcmFtZWJvcmRlciUzRCUyMjAlMjIlMjBzdHlsZSUzRCUyMmJvcmRlciUzQTAlM0IlMjIlMjBhbGxvd2Z1bGxzY3JlZW4lM0QlMjIlMjIlM0UlM0MlMkZpZnJhbWUlM0U=&#8221;][vc_column_text]<\/p>\n<h3>Location<\/h3>\n<p>EX-385, 10380 Jaraicejo, C\u00e1ceres<\/p>\n<p><strong>Meeting Point<br \/>\n<\/strong>\u201c<a class=\"\" href=\"https:\/\/goo.gl\/maps\/f4QZMkhFHST6P52y5\" target=\"_blank\" rel=\"noopener noreferrer\">Bar Almonte<\/a> (Jaraicejo)\u201d 39.664049, -5.812458<\/p>\n<h3>Contact Information<\/h3>\n<p>Email:\u00a0<a class=\"\" href=\"mailto:info@monfraguelandscape.com\">info@ecoturismomonfrague.com<\/a><\/p>\n<p>Phone. <a href=\"tel:+34680858724\">(+34) 680 85 87 24<\/a>[\/vc_column_text][\/vc_column][\/vc_row]<\/p>\n<\/section>","protected":false},"excerpt":{"rendered":"<p>[vc_row][vc_column][vc_gmaps link=&#8221;#E-8_JTNDaWZyYW1lJTIwc3JjJTNEJTIyaHR0cHMlM0ElMkYlMkZ3d3cuZ29vZ2xlLmNvbSUyRm1hcHMlMkZlbWJlZCUzRnBiJTNEJTIxMW0xNCUyMTFtOCUyMTFtMyUyMTFkNjE0Mi42OTE4MDE2MzAyMjIlMjEyZC01LjgxMzAyNCUyMTNkMzkuNjY0NDMzJTIxM20yJTIxMWkxMDI0JTIxMmk3NjglMjE0ZjEzLjElMjEzbTMlMjExbTIlMjExczB4MCUyNTNBMHg3M2RlODhkOTBmYzE1NzklMjEyc0Vjb3R1cmlzbW8lMjUyME1vbmZyYWclMjVDMyUyNUJDZSUyNTIwLSUyNTIwTW9uZnJhZyUyNUMzJTI1QkNlJTI1MjBMYW5kc2NhcGUlMjE1ZTAlMjEzbTIlMjExc2VzJTIxMnNlcyUyMTR2MTU3NzkyMTc3NzM0MyUyMTVtMiUyMTFzZXMlMjEyc2VzJTIyJTIwd2lkdGglM0QlMjI2MDAlMjIlMjBoZWlnaHQlM0QlMjI0NTAlMjIlMjBmcmFtZWJvcmRlciUzRCUyMjAlMjIlMjBzdHlsZSUzRCUyMmJvcmRlciUzQTAlM0IlMjIlMjBhbGxvd2Z1bGxzY3JlZW4lM0QlMjIlMjIlM0UlM0MlMkZpZnJhbWUlM0U=&#8221;][vc_column_text] Location EX-385, 10380 Jaraicejo, C\u00e1ceres Meeting Point \u201cBar Almonte (Jaraicejo)\u201d 39.664049, -5.812458 Contact Information Email:\u00a0info@ecoturismomonfrague.com Phone. (+34) 680 85 87 24[\/vc_column_text][\/vc_column][\/vc_row]<\/p>\n","protected":false},"author":4,"featured_media":0,"parent":0,"menu_order":0,"comment_status":"closed","ping_status":"closed","template":"","meta":{"_eb_attr":"","footnotes":"","_joinchat":[]},"acf":[],"yoast_head":"<!-- This site is optimized with the Yoast SEO plugin v21.7 - https:\/\/yoast.com\/wordpress\/plugins\/seo\/ -->\n<title>\u25b7 Contact | Ecoturismo Monfrag\u00fce<\/title>\n<meta name=\"description\" content=\"Actividades para toda la familia, escapadas rurales y turismo ecol\u00f3gico en finca exclusiva del Parque Natural de Monfrag\u00fce. \u3010Encuentra tu ruta favortia\u3011\" \/>\n<meta name=\"robots\" content=\"noindex, follow\" \/>\n<meta property=\"og:locale\" content=\"en_US\" \/>\n<meta property=\"og:type\" content=\"article\" \/>\n<meta property=\"og:title\" content=\"\u25b7 Contact | Ecoturismo Monfrag\u00fce\" \/>\n<meta property=\"og:description\" content=\"Actividades para toda la familia, escapadas rurales y turismo ecol\u00f3gico en finca exclusiva del Parque Natural de Monfrag\u00fce. \u3010Encuentra tu ruta favortia\u3011\" \/>\n<meta property=\"og:url\" content=\"https:\/\/www.ecoturismomonfrague.com\/en\/contact\/\" \/>\n<meta property=\"og:site_name\" content=\"Ecoturismo Monfrag\u00fce\" \/>\n<meta property=\"article:publisher\" content=\"https:\/\/www.facebook.com\/monfraguelandscape\/\" \/>\n<meta property=\"article:modified_time\" content=\"2020-01-13T21:45:27+00:00\" \/>\n<meta property=\"og:image\" content=\"https:\/\/www.ecoturismomonfrague.com\/wp-content\/uploads\/logo-ecoturismo.png\" \/>\n\t<meta property=\"og:image:width\" content=\"904\" \/>\n\t<meta property=\"og:image:height\" content=\"385\" \/>\n\t<meta property=\"og:image:type\" content=\"image\/png\" \/>\n<script type=\"application\/ld+json\" class=\"yoast-schema-graph\">{\"@context\":\"https:\/\/schema.org\",\"@graph\":[{\"@type\":\"WebPage\",\"@id\":\"https:\/\/www.ecoturismomonfrague.com\/en\/contact\/\",\"url\":\"https:\/\/www.ecoturismomonfrague.com\/en\/contact\/\",\"name\":\"\u25b7 Contact | Ecoturismo Monfrag\u00fce\",\"isPartOf\":{\"@id\":\"https:\/\/www.ecoturismomonfrague.com\/en\/#website\"},\"datePublished\":\"2019-05-19T23:12:34+00:00\",\"dateModified\":\"2020-01-13T21:45:27+00:00\",\"description\":\"Actividades para toda la familia, escapadas rurales y turismo ecol\u00f3gico en finca exclusiva del Parque Natural de Monfrag\u00fce. \u3010Encuentra tu ruta favortia\u3011\",\"breadcrumb\":{\"@id\":\"https:\/\/www.ecoturismomonfrague.com\/en\/contact\/#breadcrumb\"},\"inLanguage\":\"en-US\",\"potentialAction\":[{\"@type\":\"ReadAction\",\"target\":[\"https:\/\/www.ecoturismomonfrague.com\/en\/contact\/\"]}]},{\"@type\":\"BreadcrumbList\",\"@id\":\"https:\/\/www.ecoturismomonfrague.com\/en\/contact\/#breadcrumb\",\"itemListElement\":[{\"@type\":\"ListItem\",\"position\":1,\"name\":\"Portada\",\"item\":\"https:\/\/www.ecoturismomonfrague.com\/en\/\"},{\"@type\":\"ListItem\",\"position\":2,\"name\":\"Contact\"}]},{\"@type\":\"WebSite\",\"@id\":\"https:\/\/www.ecoturismomonfrague.com\/en\/#website\",\"url\":\"https:\/\/www.ecoturismomonfrague.com\/en\/\",\"name\":\"Ecoturismo Monfrag\u00fce\",\"description\":\"Actividades tur\u00edsticas en Monfrag\u00fce - Gu\u00edas y rutas en 4x4\",\"publisher\":{\"@id\":\"https:\/\/www.ecoturismomonfrague.com\/en\/#organization\"},\"potentialAction\":[{\"@type\":\"SearchAction\",\"target\":{\"@type\":\"EntryPoint\",\"urlTemplate\":\"https:\/\/www.ecoturismomonfrague.com\/en\/?s={search_term_string}\"},\"query-input\":\"required name=search_term_string\"}],\"inLanguage\":\"en-US\"},{\"@type\":\"Organization\",\"@id\":\"https:\/\/www.ecoturismomonfrague.com\/en\/#organization\",\"name\":\"Ecoturismo Monfrag\u00fce \u00ae\",\"url\":\"https:\/\/www.ecoturismomonfrague.com\/en\/\",\"logo\":{\"@type\":\"ImageObject\",\"inLanguage\":\"en-US\",\"@id\":\"https:\/\/www.ecoturismomonfrague.com\/en\/#\/schema\/logo\/image\/\",\"url\":\"https:\/\/www.ecoturismomonfrague.com\/wp-content\/uploads\/logo-ecoturismo.png\",\"contentUrl\":\"https:\/\/www.ecoturismomonfrague.com\/wp-content\/uploads\/logo-ecoturismo.png\",\"width\":904,\"height\":385,\"caption\":\"Ecoturismo Monfrag\u00fce \u00ae\"},\"image\":{\"@id\":\"https:\/\/www.ecoturismomonfrague.com\/en\/#\/schema\/logo\/image\/\"},\"sameAs\":[\"https:\/\/www.facebook.com\/monfraguelandscape\/\",\"https:\/\/www.instagram.com\/monfrague_landscape_ecoturismo\/\",\"https:\/\/www.youtube.com\/channel\/UCR1dFH-VvBA5iK1pu6Z6c-w\"]}]}<\/script>\n<!-- \/ Yoast SEO plugin. -->","yoast_head_json":{"title":"\u25b7 Contact | Ecoturismo Monfrag\u00fce","description":"Actividades para toda la familia, escapadas rurales y turismo ecol\u00f3gico en finca exclusiva del Parque Natural de Monfrag\u00fce. \u3010Encuentra tu ruta favortia\u3011","robots":{"index":"noindex","follow":"follow"},"og_locale":"en_US","og_type":"article","og_title":"\u25b7 Contact | Ecoturismo Monfrag\u00fce","og_description":"Actividades para toda la familia, escapadas rurales y turismo ecol\u00f3gico en finca exclusiva del Parque Natural de Monfrag\u00fce. \u3010Encuentra tu ruta favortia\u3011","og_url":"https:\/\/www.ecoturismomonfrague.com\/en\/contact\/","og_site_name":"Ecoturismo Monfrag\u00fce","article_publisher":"https:\/\/www.facebook.com\/monfraguelandscape\/","article_modified_time":"2020-01-13T21:45:27+00:00","og_image":[{"width":904,"height":385,"url":"https:\/\/www.ecoturismomonfrague.com\/wp-content\/uploads\/logo-ecoturismo.png","type":"image\/png"}],"schema":{"@context":"https:\/\/schema.org","@graph":[{"@type":"WebPage","@id":"https:\/\/www.ecoturismomonfrague.com\/en\/contact\/","url":"https:\/\/www.ecoturismomonfrague.com\/en\/contact\/","name":"\u25b7 Contact | Ecoturismo Monfrag\u00fce","isPartOf":{"@id":"https:\/\/www.ecoturismomonfrague.com\/en\/#website"},"datePublished":"2019-05-19T23:12:34+00:00","dateModified":"2020-01-13T21:45:27+00:00","description":"Actividades para toda la familia, escapadas rurales y turismo ecol\u00f3gico en finca exclusiva del Parque Natural de Monfrag\u00fce. \u3010Encuentra tu ruta favortia\u3011","breadcrumb":{"@id":"https:\/\/www.ecoturismomonfrague.com\/en\/contact\/#breadcrumb"},"inLanguage":"en-US","potentialAction":[{"@type":"ReadAction","target":["https:\/\/www.ecoturismomonfrague.com\/en\/contact\/"]}]},{"@type":"BreadcrumbList","@id":"https:\/\/www.ecoturismomonfrague.com\/en\/contact\/#breadcrumb","itemListElement":[{"@type":"ListItem","position":1,"name":"Portada","item":"https:\/\/www.ecoturismomonfrague.com\/en\/"},{"@type":"ListItem","position":2,"name":"Contact"}]},{"@type":"WebSite","@id":"https:\/\/www.ecoturismomonfrague.com\/en\/#website","url":"https:\/\/www.ecoturismomonfrague.com\/en\/","name":"Ecoturismo Monfrag\u00fce","description":"Actividades tur\u00edsticas en Monfrag\u00fce - Gu\u00edas y rutas en 4x4","publisher":{"@id":"https:\/\/www.ecoturismomonfrague.com\/en\/#organization"},"potentialAction":[{"@type":"SearchAction","target":{"@type":"EntryPoint","urlTemplate":"https:\/\/www.ecoturismomonfrague.com\/en\/?s={search_term_string}"},"query-input":"required name=search_term_string"}],"inLanguage":"en-US"},{"@type":"Organization","@id":"https:\/\/www.ecoturismomonfrague.com\/en\/#organization","name":"Ecoturismo Monfrag\u00fce \u00ae","url":"https:\/\/www.ecoturismomonfrague.com\/en\/","logo":{"@type":"ImageObject","inLanguage":"en-US","@id":"https:\/\/www.ecoturismomonfrague.com\/en\/#\/schema\/logo\/image\/","url":"https:\/\/www.ecoturismomonfrague.com\/wp-content\/uploads\/logo-ecoturismo.png","contentUrl":"https:\/\/www.ecoturismomonfrague.com\/wp-content\/uploads\/logo-ecoturismo.png","width":904,"height":385,"caption":"Ecoturismo Monfrag\u00fce \u00ae"},"image":{"@id":"https:\/\/www.ecoturismomonfrague.com\/en\/#\/schema\/logo\/image\/"},"sameAs":["https:\/\/www.facebook.com\/monfraguelandscape\/","https:\/\/www.instagram.com\/monfrague_landscape_ecoturismo\/","https:\/\/www.youtube.com\/channel\/UCR1dFH-VvBA5iK1pu6Z6c-w"]}]}},"_links":{"self":[{"href":"https:\/\/www.ecoturismomonfrague.com\/en\/wp-json\/wp\/v2\/pages\/3900"}],"collection":[{"href":"https:\/\/www.ecoturismomonfrague.com\/en\/wp-json\/wp\/v2\/pages"}],"about":[{"href":"https:\/\/www.ecoturismomonfrague.com\/en\/wp-json\/wp\/v2\/types\/page"}],"author":[{"embeddable":true,"href":"https:\/\/www.ecoturismomonfrague.com\/en\/wp-json\/wp\/v2\/users\/4"}],"replies":[{"embeddable":true,"href":"https:\/\/www.ecoturismomonfrague.com\/en\/wp-json\/wp\/v2\/comments?post=3900"}],"version-history":[{"count":0,"href":"https:\/\/www.ecoturismomonfrague.com\/en\/wp-json\/wp\/v2\/pages\/3900\/revisions"}],"wp:attachment":[{"href":"https:\/\/www.ecoturismomonfrague.com\/en\/wp-json\/wp\/v2\/media?parent=3900"}],"curies":[{"name":"wp","href":"https:\/\/api.w.org\/{rel}","templated":true}]}}