{"id":3904,"date":"2019-05-16T18:17:16","date_gmt":"2019-05-16T16:17:16","guid":{"rendered":"https:\/\/www.ecoturismomonfrague.com\/donde-estamos\/"},"modified":"2020-01-02T00:40:41","modified_gmt":"2020-01-01T23:40:41","slug":"where-we-are","status":"publish","type":"page","link":"https:\/\/www.ecoturismomonfrague.com\/en\/where-we-are\/","title":{"rendered":"Where we are"},"content":{"rendered":"<section class=\"wpb-content-wrapper\"><p>[vc_row][vc_column][vc_column_text]The farm is located at the eastern end of the National Park of Monfrag\u00fce, in the solana of the Espejo and Piatones Sierras, continuation of the Corchuelas Sierra towards the West, and that of the Peak of Miravete towards the East, respectively.<\/p>\n<p>The reference town is Jaraicejo, on the emblematic Almonte River and next to the Extremadura Highway, A-5, halfway between Navalmoral de la Mata and Trujillo towns.<\/p>\n<ul>\n<li>If we come by this Highway from the North, we must cross the Miravete tunnels and exit the Highway at Km 288, at the intersection indicated as Jaraicejo (East) &#8211; Monfrag\u00fce National Park. If we come from the south by the highway we will leave it by the same exit.<\/li>\n<li>If we come from Torrej\u00f3n el Rubio, we must take the EX 208 road towards Trujillo and after 8.8 km we will turn left taking the EX 385 towards Jaraicejo.<\/li>\n<\/ul>\n<p>In addition, we propose a wide range of safaris and activities in the North of the National Park of Monfrag\u00fce (Villareal de San Carlos), La Vera, the Jerte Valley, the Ambroz Valley (Herv\u00e1s) and the Barruecos Natural Monument ( C\u00e1ceres).[\/vc_column_text][vc_custom_heading text=&#8221;How to Get&#8221; font_container=&#8221;tag:h3|text_align:center&#8221; google_fonts=&#8221;font_family:Ubuntu%3A300%2C300italic%2Cregular%2Citalic%2C500%2C500italic%2C700%2C700italic|font_style:400%20regular%3A400%3Anormal&#8221;][vc_gmaps link=&#8221;#E-8_JTNDaWZyYW1lJTIwc3JjJTNEJTIyaHR0cHMlM0ElMkYlMkZ3d3cuZ29vZ2xlLmNvbSUyRm1hcHMlMkZlbWJlZCUzRnBiJTNEJTIxMW0xNCUyMTFtOCUyMTFtMyUyMTFkMzA3MS4zMTYwMTQwMTg5NTMlMjEyZC01LjgxNTE1OSUyMTNkMzkuNjY1MTA1NCUyMTNtMiUyMTFpMTAyNCUyMTJpNzY4JTIxNGYxMy4xJTIxM20zJTIxMW0yJTIxMXMweDAlMjUzQTB4NzNkZTg4ZDkwZmMxNTc5JTIxMnNUdXJpc21vJTJCZW4lMkJNb25mcmFnJTI1QzMlMjVCQ2UlMkItJTJCTW9uZnJhZyUyNUMzJTI1QkNlJTJCTGFuZHNjYXBlJTIxNWUwJTIxM20yJTIxMXNlcyUyMTJzZXMlMjE0djE1NjQ1Njg1ODY0MTQlMjE1bTIlMjExc2VzJTIxMnNlcyUyMiUyMHdpZHRoJTNEJTIyNjAwJTIyJTIwaGVpZ2h0JTNEJTIyNDUwJTIyJTIwZnJhbWVib3JkZXIlM0QlMjIwJTIyJTIwc3R5bGUlM0QlMjJib3JkZXIlM0EwJTIyJTIwYWxsb3dmdWxsc2NyZWVuJTNFJTNDJTJGaWZyYW1lJTNF&#8221; css_animation=&#8221;fadeInDown&#8221;][\/vc_column][\/vc_row]<\/p>\n<\/section>","protected":false},"excerpt":{"rendered":"<p>[vc_row][vc_column][vc_column_text]The farm is located at the eastern end of the National Park of Monfrag\u00fce, in the solana of the Espejo and Piatones Sierras, continuation of the Corchuelas Sierra towards the West, and that of the Peak of Miravete towards the East, respectively. The reference town is Jaraicejo, on the emblematic Almonte River and next to&hellip;<\/p>\n","protected":false},"author":4,"featured_media":3452,"parent":0,"menu_order":0,"comment_status":"closed","ping_status":"closed","template":"","meta":{"_eb_attr":"","footnotes":"","_joinchat":[]},"acf":[],"yoast_head":"<!-- This site is optimized with the Yoast SEO plugin v21.7 - https:\/\/yoast.com\/wordpress\/plugins\/seo\/ -->\n<title>\u25b7 Where we are | Ecoturismo Monfrag\u00fce<\/title>\n<meta name=\"description\" content=\"Actividades para toda la familia, escapadas rurales y turismo ecol\u00f3gico en finca exclusiva del Parque Natural de Monfrag\u00fce. \u3010Encuentra tu ruta favortia\u3011\" \/>\n<meta name=\"robots\" content=\"index, follow, max-snippet:-1, max-image-preview:large, max-video-preview:-1\" \/>\n<link rel=\"canonical\" href=\"https:\/\/www.ecoturismomonfrague.com\/en\/where-we-are\/\" \/>\n<meta property=\"og:locale\" content=\"en_US\" \/>\n<meta property=\"og:type\" content=\"article\" \/>\n<meta property=\"og:title\" content=\"\u25b7 Where we are | Ecoturismo Monfrag\u00fce\" \/>\n<meta property=\"og:description\" content=\"Actividades para toda la familia, escapadas rurales y turismo ecol\u00f3gico en finca exclusiva del Parque Natural de Monfrag\u00fce. \u3010Encuentra tu ruta favortia\u3011\" \/>\n<meta property=\"og:url\" content=\"https:\/\/www.ecoturismomonfrague.com\/en\/where-we-are\/\" \/>\n<meta property=\"og:site_name\" content=\"Ecoturismo Monfrag\u00fce\" \/>\n<meta property=\"article:publisher\" content=\"https:\/\/www.facebook.com\/monfraguelandscape\/\" \/>\n<meta property=\"article:modified_time\" content=\"2020-01-01T23:40:41+00:00\" \/>\n<meta property=\"og:image\" content=\"https:\/\/www.ecoturismomonfrague.com\/wp-content\/uploads\/2PORTADAhome.jpg\" \/>\n\t<meta property=\"og:image:width\" content=\"1280\" \/>\n\t<meta property=\"og:image:height\" content=\"1027\" \/>\n\t<meta property=\"og:image:type\" content=\"image\/jpeg\" \/>\n<meta name=\"twitter:label1\" content=\"Est. reading time\" \/>\n\t<meta name=\"twitter:data1\" content=\"1 minute\" \/>\n<script type=\"application\/ld+json\" class=\"yoast-schema-graph\">{\"@context\":\"https:\/\/schema.org\",\"@graph\":[{\"@type\":\"WebPage\",\"@id\":\"https:\/\/www.ecoturismomonfrague.com\/en\/where-we-are\/\",\"url\":\"https:\/\/www.ecoturismomonfrague.com\/en\/where-we-are\/\",\"name\":\"\u25b7 Where we are | Ecoturismo Monfrag\u00fce\",\"isPartOf\":{\"@id\":\"https:\/\/www.ecoturismomonfrague.com\/en\/#website\"},\"datePublished\":\"2019-05-16T16:17:16+00:00\",\"dateModified\":\"2020-01-01T23:40:41+00:00\",\"description\":\"Actividades para toda la familia, escapadas rurales y turismo ecol\u00f3gico en finca exclusiva del Parque Natural de Monfrag\u00fce. \u3010Encuentra tu ruta favortia\u3011\",\"breadcrumb\":{\"@id\":\"https:\/\/www.ecoturismomonfrague.com\/en\/where-we-are\/#breadcrumb\"},\"inLanguage\":\"en-US\",\"potentialAction\":[{\"@type\":\"ReadAction\",\"target\":[\"https:\/\/www.ecoturismomonfrague.com\/en\/where-we-are\/\"]}]},{\"@type\":\"BreadcrumbList\",\"@id\":\"https:\/\/www.ecoturismomonfrague.com\/en\/where-we-are\/#breadcrumb\",\"itemListElement\":[{\"@type\":\"ListItem\",\"position\":1,\"name\":\"Portada\",\"item\":\"https:\/\/www.ecoturismomonfrague.com\/en\/\"},{\"@type\":\"ListItem\",\"position\":2,\"name\":\"Where we are\"}]},{\"@type\":\"WebSite\",\"@id\":\"https:\/\/www.ecoturismomonfrague.com\/en\/#website\",\"url\":\"https:\/\/www.ecoturismomonfrague.com\/en\/\",\"name\":\"Ecoturismo Monfrag\u00fce\",\"description\":\"Actividades tur\u00edsticas en Monfrag\u00fce - Gu\u00edas y rutas en 4x4\",\"publisher\":{\"@id\":\"https:\/\/www.ecoturismomonfrague.com\/en\/#organization\"},\"potentialAction\":[{\"@type\":\"SearchAction\",\"target\":{\"@type\":\"EntryPoint\",\"urlTemplate\":\"https:\/\/www.ecoturismomonfrague.com\/en\/?s={search_term_string}\"},\"query-input\":\"required name=search_term_string\"}],\"inLanguage\":\"en-US\"},{\"@type\":\"Organization\",\"@id\":\"https:\/\/www.ecoturismomonfrague.com\/en\/#organization\",\"name\":\"Ecoturismo Monfrag\u00fce \u00ae\",\"url\":\"https:\/\/www.ecoturismomonfrague.com\/en\/\",\"logo\":{\"@type\":\"ImageObject\",\"inLanguage\":\"en-US\",\"@id\":\"https:\/\/www.ecoturismomonfrague.com\/en\/#\/schema\/logo\/image\/\",\"url\":\"https:\/\/www.ecoturismomonfrague.com\/wp-content\/uploads\/logo-ecoturismo.png\",\"contentUrl\":\"https:\/\/www.ecoturismomonfrague.com\/wp-content\/uploads\/logo-ecoturismo.png\",\"width\":904,\"height\":385,\"caption\":\"Ecoturismo Monfrag\u00fce \u00ae\"},\"image\":{\"@id\":\"https:\/\/www.ecoturismomonfrague.com\/en\/#\/schema\/logo\/image\/\"},\"sameAs\":[\"https:\/\/www.facebook.com\/monfraguelandscape\/\",\"https:\/\/www.instagram.com\/monfrague_landscape_ecoturismo\/\",\"https:\/\/www.youtube.com\/channel\/UCR1dFH-VvBA5iK1pu6Z6c-w\"]}]}<\/script>\n<!-- \/ Yoast SEO plugin. -->","yoast_head_json":{"title":"\u25b7 Where we are | Ecoturismo Monfrag\u00fce","description":"Actividades para toda la familia, escapadas rurales y turismo ecol\u00f3gico en finca exclusiva del Parque Natural de Monfrag\u00fce. \u3010Encuentra tu ruta favortia\u3011","robots":{"index":"index","follow":"follow","max-snippet":"max-snippet:-1","max-image-preview":"max-image-preview:large","max-video-preview":"max-video-preview:-1"},"canonical":"https:\/\/www.ecoturismomonfrague.com\/en\/where-we-are\/","og_locale":"en_US","og_type":"article","og_title":"\u25b7 Where we are | Ecoturismo Monfrag\u00fce","og_description":"Actividades para toda la familia, escapadas rurales y turismo ecol\u00f3gico en finca exclusiva del Parque Natural de Monfrag\u00fce. \u3010Encuentra tu ruta favortia\u3011","og_url":"https:\/\/www.ecoturismomonfrague.com\/en\/where-we-are\/","og_site_name":"Ecoturismo Monfrag\u00fce","article_publisher":"https:\/\/www.facebook.com\/monfraguelandscape\/","article_modified_time":"2020-01-01T23:40:41+00:00","og_image":[{"width":1280,"height":1027,"url":"https:\/\/www.ecoturismomonfrague.com\/wp-content\/uploads\/2PORTADAhome.jpg","type":"image\/jpeg"}],"twitter_misc":{"Est. reading time":"1 minute"},"schema":{"@context":"https:\/\/schema.org","@graph":[{"@type":"WebPage","@id":"https:\/\/www.ecoturismomonfrague.com\/en\/where-we-are\/","url":"https:\/\/www.ecoturismomonfrague.com\/en\/where-we-are\/","name":"\u25b7 Where we are | Ecoturismo Monfrag\u00fce","isPartOf":{"@id":"https:\/\/www.ecoturismomonfrague.com\/en\/#website"},"datePublished":"2019-05-16T16:17:16+00:00","dateModified":"2020-01-01T23:40:41+00:00","description":"Actividades para toda la familia, escapadas rurales y turismo ecol\u00f3gico en finca exclusiva del Parque Natural de Monfrag\u00fce. \u3010Encuentra tu ruta favortia\u3011","breadcrumb":{"@id":"https:\/\/www.ecoturismomonfrague.com\/en\/where-we-are\/#breadcrumb"},"inLanguage":"en-US","potentialAction":[{"@type":"ReadAction","target":["https:\/\/www.ecoturismomonfrague.com\/en\/where-we-are\/"]}]},{"@type":"BreadcrumbList","@id":"https:\/\/www.ecoturismomonfrague.com\/en\/where-we-are\/#breadcrumb","itemListElement":[{"@type":"ListItem","position":1,"name":"Portada","item":"https:\/\/www.ecoturismomonfrague.com\/en\/"},{"@type":"ListItem","position":2,"name":"Where we are"}]},{"@type":"WebSite","@id":"https:\/\/www.ecoturismomonfrague.com\/en\/#website","url":"https:\/\/www.ecoturismomonfrague.com\/en\/","name":"Ecoturismo Monfrag\u00fce","description":"Actividades tur\u00edsticas en Monfrag\u00fce - Gu\u00edas y rutas en 4x4","publisher":{"@id":"https:\/\/www.ecoturismomonfrague.com\/en\/#organization"},"potentialAction":[{"@type":"SearchAction","target":{"@type":"EntryPoint","urlTemplate":"https:\/\/www.ecoturismomonfrague.com\/en\/?s={search_term_string}"},"query-input":"required name=search_term_string"}],"inLanguage":"en-US"},{"@type":"Organization","@id":"https:\/\/www.ecoturismomonfrague.com\/en\/#organization","name":"Ecoturismo Monfrag\u00fce \u00ae","url":"https:\/\/www.ecoturismomonfrague.com\/en\/","logo":{"@type":"ImageObject","inLanguage":"en-US","@id":"https:\/\/www.ecoturismomonfrague.com\/en\/#\/schema\/logo\/image\/","url":"https:\/\/www.ecoturismomonfrague.com\/wp-content\/uploads\/logo-ecoturismo.png","contentUrl":"https:\/\/www.ecoturismomonfrague.com\/wp-content\/uploads\/logo-ecoturismo.png","width":904,"height":385,"caption":"Ecoturismo Monfrag\u00fce \u00ae"},"image":{"@id":"https:\/\/www.ecoturismomonfrague.com\/en\/#\/schema\/logo\/image\/"},"sameAs":["https:\/\/www.facebook.com\/monfraguelandscape\/","https:\/\/www.instagram.com\/monfrague_landscape_ecoturismo\/","https:\/\/www.youtube.com\/channel\/UCR1dFH-VvBA5iK1pu6Z6c-w"]}]}},"_links":{"self":[{"href":"https:\/\/www.ecoturismomonfrague.com\/en\/wp-json\/wp\/v2\/pages\/3904"}],"collection":[{"href":"https:\/\/www.ecoturismomonfrague.com\/en\/wp-json\/wp\/v2\/pages"}],"about":[{"href":"https:\/\/www.ecoturismomonfrague.com\/en\/wp-json\/wp\/v2\/types\/page"}],"author":[{"embeddable":true,"href":"https:\/\/www.ecoturismomonfrague.com\/en\/wp-json\/wp\/v2\/users\/4"}],"replies":[{"embeddable":true,"href":"https:\/\/www.ecoturismomonfrague.com\/en\/wp-json\/wp\/v2\/comments?post=3904"}],"version-history":[{"count":0,"href":"https:\/\/www.ecoturismomonfrague.com\/en\/wp-json\/wp\/v2\/pages\/3904\/revisions"}],"wp:featuredmedia":[{"embeddable":true,"href":"https:\/\/www.ecoturismomonfrague.com\/en\/wp-json\/wp\/v2\/media\/3452"}],"wp:attachment":[{"href":"https:\/\/www.ecoturismomonfrague.com\/en\/wp-json\/wp\/v2\/media?parent=3904"}],"curies":[{"name":"wp","href":"https:\/\/api.w.org\/{rel}","templated":true}]}}